{"id":55,"date":"2025-03-05T22:22:14","date_gmt":"2025-03-05T22:22:14","guid":{"rendered":"https:\/\/theonlinerentals.com\/?page_id=55"},"modified":"2026-05-05T15:00:24","modified_gmt":"2026-05-05T15:00:24","slug":"about","status":"publish","type":"page","link":"https:\/\/theonlinerentals.com\/pt\/about\/","title":{"rendered":"Sobre n\u00f3s"},"content":{"rendered":"<h2 class=\"wp-block-heading\">Seu caminho para uma mobilidade inteligente e acess\u00edvel!<\/h2>\n\n\n\n<p>No <strong>Alugu\u00e9is online<\/strong>Na [Nome da Empresa], acreditamos que alugar ou financiar um carro deve ser um processo simples, transparente e acess\u00edvel para todos. Seja para uso di\u00e1rio, uma viagem especial ou uma nova oportunidade de trabalho, nossa miss\u00e3o \u00e9 conectar voc\u00ea \u00e0s melhores op\u00e7\u00f5es do mercado.<\/p>\n\n\n\n<p>Entendemos que cada pessoa tem necessidades de mobilidade diferentes, por isso oferecemos informa\u00e7\u00f5es detalhadas, solu\u00e7\u00f5es flex\u00edveis e um servi\u00e7o que prioriza sua comodidade e seguran\u00e7a.<\/p>\n\n\n\n<p>Aqui voc\u00ea encontrar\u00e1 de tudo, desde op\u00e7\u00f5es de aluguel econ\u00f4micas at\u00e9 solu\u00e7\u00f5es de financiamento para a compra do carro ideal \u2014 sempre com condi\u00e7\u00f5es justas e orienta\u00e7\u00f5es claras para ajud\u00e1-lo a tomar a melhor decis\u00e3o.<\/p>\n\n\n\n<h2 class=\"wp-block-heading\">Quem somos<\/h2>\n\n\n\n<p><strong>Alugu\u00e9is online<\/strong> \u00e9 uma plataforma dedicada a simplificar o acesso a ve\u00edculos, seja por meio de aluguel ou financiamento. Nossa equipe \u00e9 formada por especialistas automotivos e financeiros comprometidos em oferecer as melhores oportunidades para voc\u00ea conquistar mobilidade sem complica\u00e7\u00f5es.<\/p>\n\n\n\n<p>Nosso compromisso vai al\u00e9m do aluguel e da compra de carros. Nosso objetivo \u00e9 garantir que cada cliente tenha uma experi\u00eancia confi\u00e1vel, pr\u00e1tica e segura, encontrando exatamente o que precisa para pegar a estrada com tranquilidade.<\/p>\n\n\n\n<h2 class=\"wp-block-heading\">Sua opini\u00e3o importa!<\/h2>\n\n\n\n<p>Nosso objetivo \u00e9 proporcionar a melhor experi\u00eancia poss\u00edvel! Se voc\u00ea tiver sugest\u00f5es, d\u00favidas ou quiser compartilhar sua experi\u00eancia conosco, entre em contato. Valorizamos seu feedback e estamos sempre prontos para aprimorar nossos servi\u00e7os e oferecer ainda mais solu\u00e7\u00f5es de mobilidade.<\/p>","protected":false},"excerpt":{"rendered":"<p>Seu caminho para uma mobilidade inteligente e acess\u00edvel! Na The Online Rentals, acreditamos que alugar ou financiar um carro deve ser um processo simples, transparente e acess\u00edvel para todos. Seja para uso di\u00e1rio, uma viagem especial ou uma nova oportunidade de trabalho, nossa miss\u00e3o \u00e9 conectar voc\u00ea \u00e0s melhores op\u00e7\u00f5es [\u2026]<\/p>","protected":false},"author":145,"featured_media":0,"parent":0,"menu_order":0,"comment_status":"closed","ping_status":"closed","template":"page-nosidebar.php","meta":{"footnotes":""},"yoast_head":"<!-- This site is optimized with the Yoast SEO plugin v23.3 - https:\/\/yoast.com\/wordpress\/plugins\/seo\/ -->\n<title>About Us - The Online Rentals<\/title>\n<meta name=\"robots\" content=\"index, follow, max-snippet:-1, max-image-preview:large, max-video-preview:-1\" \/>\n<link rel=\"canonical\" href=\"https:\/\/theonlinerentals.com\/pt\/about\/\" \/>\n<meta property=\"og:locale\" content=\"pt_BR\" \/>\n<meta property=\"og:type\" content=\"article\" \/>\n<meta property=\"og:title\" content=\"About Us - The Online Rentals\" \/>\n<meta property=\"og:description\" content=\"Your Path to Smart and Affordable Mobility! At The Online Rentals, we believe that renting or financing a car should be a simple, transparent, and accessible process for everyone. Whether you need a vehicle for daily use, a special trip, or a new work opportunity, our mission is to connect you with the best options [&hellip;]\" \/>\n<meta property=\"og:url\" content=\"https:\/\/theonlinerentals.com\/pt\/about\/\" \/>\n<meta property=\"og:site_name\" content=\"The Online Rentals\" \/>\n<meta property=\"article:modified_time\" content=\"2026-05-05T15:00:24+00:00\" \/>\n<meta name=\"twitter:card\" content=\"summary_large_image\" \/>\n<meta name=\"twitter:label1\" content=\"Est. reading time\" \/>\n\t<meta name=\"twitter:data1\" content=\"2 minutos\" \/>\n<script type=\"application\/ld+json\" class=\"yoast-schema-graph\">{\"@context\":\"https:\/\/schema.org\",\"@graph\":[{\"@type\":\"WebPage\",\"@id\":\"https:\/\/theonlinerentals.com\/about\/\",\"url\":\"https:\/\/theonlinerentals.com\/about\/\",\"name\":\"About Us - The Online Rentals\",\"isPartOf\":{\"@id\":\"https:\/\/theonlinerentals.com\/#website\"},\"datePublished\":\"2025-03-05T22:22:14+00:00\",\"dateModified\":\"2026-05-05T15:00:24+00:00\",\"breadcrumb\":{\"@id\":\"https:\/\/theonlinerentals.com\/about\/#breadcrumb\"},\"inLanguage\":\"pt-BR\",\"potentialAction\":[{\"@type\":\"ReadAction\",\"target\":[\"https:\/\/theonlinerentals.com\/about\/\"]}]},{\"@type\":\"BreadcrumbList\",\"@id\":\"https:\/\/theonlinerentals.com\/about\/#breadcrumb\",\"itemListElement\":[{\"@type\":\"ListItem\",\"position\":1,\"name\":\"Home\",\"item\":\"https:\/\/theonlinerentals.com\/\"},{\"@type\":\"ListItem\",\"position\":2,\"name\":\"About Us\"}]},{\"@type\":\"WebSite\",\"@id\":\"https:\/\/theonlinerentals.com\/#website\",\"url\":\"https:\/\/theonlinerentals.com\/\",\"name\":\"The Online Rentals\",\"description\":\"\",\"potentialAction\":[{\"@type\":\"SearchAction\",\"target\":{\"@type\":\"EntryPoint\",\"urlTemplate\":\"https:\/\/theonlinerentals.com\/?s={search_term_string}\"},\"query-input\":\"required name=search_term_string\"}],\"inLanguage\":\"pt-BR\"}]}<\/script>\n<!-- \/ Yoast SEO plugin. -->","yoast_head_json":{"title":"About Us - The Online Rentals","robots":{"index":"index","follow":"follow","max-snippet":"max-snippet:-1","max-image-preview":"max-image-preview:large","max-video-preview":"max-video-preview:-1"},"canonical":"https:\/\/theonlinerentals.com\/pt\/about\/","og_locale":"pt_BR","og_type":"article","og_title":"About Us - The Online Rentals","og_description":"Your Path to Smart and Affordable Mobility! At The Online Rentals, we believe that renting or financing a car should be a simple, transparent, and accessible process for everyone. Whether you need a vehicle for daily use, a special trip, or a new work opportunity, our mission is to connect you with the best options [&hellip;]","og_url":"https:\/\/theonlinerentals.com\/pt\/about\/","og_site_name":"The Online Rentals","article_modified_time":"2026-05-05T15:00:24+00:00","twitter_card":"summary_large_image","twitter_misc":{"Est. reading time":"2 minutos"},"schema":{"@context":"https:\/\/schema.org","@graph":[{"@type":"WebPage","@id":"https:\/\/theonlinerentals.com\/about\/","url":"https:\/\/theonlinerentals.com\/about\/","name":"About Us - The Online Rentals","isPartOf":{"@id":"https:\/\/theonlinerentals.com\/#website"},"datePublished":"2025-03-05T22:22:14+00:00","dateModified":"2026-05-05T15:00:24+00:00","breadcrumb":{"@id":"https:\/\/theonlinerentals.com\/about\/#breadcrumb"},"inLanguage":"pt-BR","potentialAction":[{"@type":"ReadAction","target":["https:\/\/theonlinerentals.com\/about\/"]}]},{"@type":"BreadcrumbList","@id":"https:\/\/theonlinerentals.com\/about\/#breadcrumb","itemListElement":[{"@type":"ListItem","position":1,"name":"Home","item":"https:\/\/theonlinerentals.com\/"},{"@type":"ListItem","position":2,"name":"About Us"}]},{"@type":"WebSite","@id":"https:\/\/theonlinerentals.com\/#website","url":"https:\/\/theonlinerentals.com\/","name":"The Online Rentals","description":"","potentialAction":[{"@type":"SearchAction","target":{"@type":"EntryPoint","urlTemplate":"https:\/\/theonlinerentals.com\/?s={search_term_string}"},"query-input":"required name=search_term_string"}],"inLanguage":"pt-BR"}]}},"_links":{"self":[{"href":"https:\/\/theonlinerentals.com\/pt\/wp-json\/wp\/v2\/pages\/55"}],"collection":[{"href":"https:\/\/theonlinerentals.com\/pt\/wp-json\/wp\/v2\/pages"}],"about":[{"href":"https:\/\/theonlinerentals.com\/pt\/wp-json\/wp\/v2\/types\/page"}],"author":[{"embeddable":true,"href":"https:\/\/theonlinerentals.com\/pt\/wp-json\/wp\/v2\/users\/145"}],"replies":[{"embeddable":true,"href":"https:\/\/theonlinerentals.com\/pt\/wp-json\/wp\/v2\/comments?post=55"}],"version-history":[{"count":3,"href":"https:\/\/theonlinerentals.com\/pt\/wp-json\/wp\/v2\/pages\/55\/revisions"}],"predecessor-version":[{"id":79,"href":"https:\/\/theonlinerentals.com\/pt\/wp-json\/wp\/v2\/pages\/55\/revisions\/79"}],"wp:attachment":[{"href":"https:\/\/theonlinerentals.com\/pt\/wp-json\/wp\/v2\/media?parent=55"}],"curies":[{"name":"wp","href":"https:\/\/api.w.org\/{rel}","templated":true}]}}