{"id":55,"date":"2025-03-05T22:22:14","date_gmt":"2025-03-05T22:22:14","guid":{"rendered":"https:\/\/theonlinerentals.com\/?page_id=55"},"modified":"2026-05-05T15:00:24","modified_gmt":"2026-05-05T15:00:24","slug":"about","status":"publish","type":"page","link":"https:\/\/theonlinerentals.com\/es\/about\/","title":{"rendered":"Sobre nosotros"},"content":{"rendered":"<h2 class=\"wp-block-heading\">\u00a1Tu camino hacia una movilidad inteligente y asequible!<\/h2>\n\n\n\n<p>En <strong>Los alquileres en l\u00ednea<\/strong>Creemos que alquilar o financiar un auto debe ser un proceso sencillo, transparente y accesible para todos. Ya sea que necesite un veh\u00edculo para uso diario, un viaje especial o una nueva oportunidad laboral, nuestra misi\u00f3n es conectarle con las mejores opciones del mercado.<\/p>\n\n\n\n<p>Entendemos que cada persona tiene diferentes necesidades de movilidad, por eso ofrecemos informaci\u00f3n detallada, soluciones flexibles y un servicio que prioriza su comodidad y seguridad.<\/p>\n\n\n\n<p>Aqu\u00ed encontrar\u00e1 de todo, desde opciones de alquiler econ\u00f3micas hasta soluciones de financiaci\u00f3n para comprar el coche ideal, siempre con condiciones justas y una orientaci\u00f3n clara para ayudarle a tomar la mejor decisi\u00f3n.<\/p>\n\n\n\n<h2 class=\"wp-block-heading\">Quienes somos<\/h2>\n\n\n\n<p><strong>Los alquileres en l\u00ednea<\/strong> Es una plataforma dedicada a simplificar el acceso a veh\u00edculos, ya sea mediante alquiler o financiaci\u00f3n. Nuestro equipo est\u00e1 formado por expertos en automoci\u00f3n y finanzas, comprometidos a brindarle las mejores oportunidades para lograr movilidad sin complicaciones.<\/p>\n\n\n\n<p>Nuestro compromiso va m\u00e1s all\u00e1 del alquiler y la compra de veh\u00edculos. Nos esforzamos por garantizar que cada cliente disfrute de una experiencia confiable, pr\u00e1ctica y segura, encontrando justo lo que necesita para salir a la carretera con tranquilidad.<\/p>\n\n\n\n<h2 class=\"wp-block-heading\">\u00a1Tu opini\u00f3n importa!<\/h2>\n\n\n\n<p>Nuestro objetivo es brindarle la mejor experiencia posible. Si tiene sugerencias, preguntas o desea compartir su experiencia con nosotros, no dude en contactarnos. Valoramos sus comentarios y siempre estamos listos para mejorar nuestros servicios y ofrecerle a\u00fan m\u00e1s soluciones de movilidad.<\/p>","protected":false},"excerpt":{"rendered":"<p>\u00a1Tu camino hacia una movilidad inteligente y asequible! En The Online Rentals, creemos que alquilar o financiar un coche debe ser un proceso sencillo, transparente y accesible para todos. Tanto si necesitas un veh\u00edculo para el d\u00eda a d\u00eda, un viaje especial o una nueva oportunidad laboral, nuestra misi\u00f3n es conectarte con las mejores opciones [\u2026]<\/p>","protected":false},"author":145,"featured_media":0,"parent":0,"menu_order":0,"comment_status":"closed","ping_status":"closed","template":"page-nosidebar.php","meta":{"footnotes":""},"yoast_head":"<!-- This site is optimized with the Yoast SEO plugin v23.3 - https:\/\/yoast.com\/wordpress\/plugins\/seo\/ -->\n<title>About Us - The Online Rentals<\/title>\n<meta name=\"robots\" content=\"index, follow, max-snippet:-1, max-image-preview:large, max-video-preview:-1\" \/>\n<link rel=\"canonical\" href=\"https:\/\/theonlinerentals.com\/es\/about\/\" \/>\n<meta property=\"og:locale\" content=\"es_MX\" \/>\n<meta property=\"og:type\" content=\"article\" \/>\n<meta property=\"og:title\" content=\"About Us - The Online Rentals\" \/>\n<meta property=\"og:description\" content=\"Your Path to Smart and Affordable Mobility! At The Online Rentals, we believe that renting or financing a car should be a simple, transparent, and accessible process for everyone. Whether you need a vehicle for daily use, a special trip, or a new work opportunity, our mission is to connect you with the best options [&hellip;]\" \/>\n<meta property=\"og:url\" content=\"https:\/\/theonlinerentals.com\/es\/about\/\" \/>\n<meta property=\"og:site_name\" content=\"The Online Rentals\" \/>\n<meta property=\"article:modified_time\" content=\"2026-05-05T15:00:24+00:00\" \/>\n<meta name=\"twitter:card\" content=\"summary_large_image\" \/>\n<meta name=\"twitter:label1\" content=\"Est. reading time\" \/>\n\t<meta name=\"twitter:data1\" content=\"2 minutos\" \/>\n<script type=\"application\/ld+json\" class=\"yoast-schema-graph\">{\"@context\":\"https:\/\/schema.org\",\"@graph\":[{\"@type\":\"WebPage\",\"@id\":\"https:\/\/theonlinerentals.com\/about\/\",\"url\":\"https:\/\/theonlinerentals.com\/about\/\",\"name\":\"About Us - The Online Rentals\",\"isPartOf\":{\"@id\":\"https:\/\/theonlinerentals.com\/#website\"},\"datePublished\":\"2025-03-05T22:22:14+00:00\",\"dateModified\":\"2026-05-05T15:00:24+00:00\",\"breadcrumb\":{\"@id\":\"https:\/\/theonlinerentals.com\/about\/#breadcrumb\"},\"inLanguage\":\"es-MX\",\"potentialAction\":[{\"@type\":\"ReadAction\",\"target\":[\"https:\/\/theonlinerentals.com\/about\/\"]}]},{\"@type\":\"BreadcrumbList\",\"@id\":\"https:\/\/theonlinerentals.com\/about\/#breadcrumb\",\"itemListElement\":[{\"@type\":\"ListItem\",\"position\":1,\"name\":\"Home\",\"item\":\"https:\/\/theonlinerentals.com\/\"},{\"@type\":\"ListItem\",\"position\":2,\"name\":\"About Us\"}]},{\"@type\":\"WebSite\",\"@id\":\"https:\/\/theonlinerentals.com\/#website\",\"url\":\"https:\/\/theonlinerentals.com\/\",\"name\":\"The Online Rentals\",\"description\":\"\",\"potentialAction\":[{\"@type\":\"SearchAction\",\"target\":{\"@type\":\"EntryPoint\",\"urlTemplate\":\"https:\/\/theonlinerentals.com\/?s={search_term_string}\"},\"query-input\":\"required name=search_term_string\"}],\"inLanguage\":\"es-MX\"}]}<\/script>\n<!-- \/ Yoast SEO plugin. -->","yoast_head_json":{"title":"About Us - The Online Rentals","robots":{"index":"index","follow":"follow","max-snippet":"max-snippet:-1","max-image-preview":"max-image-preview:large","max-video-preview":"max-video-preview:-1"},"canonical":"https:\/\/theonlinerentals.com\/es\/about\/","og_locale":"es_MX","og_type":"article","og_title":"About Us - The Online Rentals","og_description":"Your Path to Smart and Affordable Mobility! At The Online Rentals, we believe that renting or financing a car should be a simple, transparent, and accessible process for everyone. Whether you need a vehicle for daily use, a special trip, or a new work opportunity, our mission is to connect you with the best options [&hellip;]","og_url":"https:\/\/theonlinerentals.com\/es\/about\/","og_site_name":"The Online Rentals","article_modified_time":"2026-05-05T15:00:24+00:00","twitter_card":"summary_large_image","twitter_misc":{"Est. reading time":"2 minutos"},"schema":{"@context":"https:\/\/schema.org","@graph":[{"@type":"WebPage","@id":"https:\/\/theonlinerentals.com\/about\/","url":"https:\/\/theonlinerentals.com\/about\/","name":"About Us - The Online Rentals","isPartOf":{"@id":"https:\/\/theonlinerentals.com\/#website"},"datePublished":"2025-03-05T22:22:14+00:00","dateModified":"2026-05-05T15:00:24+00:00","breadcrumb":{"@id":"https:\/\/theonlinerentals.com\/about\/#breadcrumb"},"inLanguage":"es-MX","potentialAction":[{"@type":"ReadAction","target":["https:\/\/theonlinerentals.com\/about\/"]}]},{"@type":"BreadcrumbList","@id":"https:\/\/theonlinerentals.com\/about\/#breadcrumb","itemListElement":[{"@type":"ListItem","position":1,"name":"Home","item":"https:\/\/theonlinerentals.com\/"},{"@type":"ListItem","position":2,"name":"About Us"}]},{"@type":"WebSite","@id":"https:\/\/theonlinerentals.com\/#website","url":"https:\/\/theonlinerentals.com\/","name":"The Online Rentals","description":"","potentialAction":[{"@type":"SearchAction","target":{"@type":"EntryPoint","urlTemplate":"https:\/\/theonlinerentals.com\/?s={search_term_string}"},"query-input":"required name=search_term_string"}],"inLanguage":"es-MX"}]}},"_links":{"self":[{"href":"https:\/\/theonlinerentals.com\/es\/wp-json\/wp\/v2\/pages\/55"}],"collection":[{"href":"https:\/\/theonlinerentals.com\/es\/wp-json\/wp\/v2\/pages"}],"about":[{"href":"https:\/\/theonlinerentals.com\/es\/wp-json\/wp\/v2\/types\/page"}],"author":[{"embeddable":true,"href":"https:\/\/theonlinerentals.com\/es\/wp-json\/wp\/v2\/users\/145"}],"replies":[{"embeddable":true,"href":"https:\/\/theonlinerentals.com\/es\/wp-json\/wp\/v2\/comments?post=55"}],"version-history":[{"count":3,"href":"https:\/\/theonlinerentals.com\/es\/wp-json\/wp\/v2\/pages\/55\/revisions"}],"predecessor-version":[{"id":79,"href":"https:\/\/theonlinerentals.com\/es\/wp-json\/wp\/v2\/pages\/55\/revisions\/79"}],"wp:attachment":[{"href":"https:\/\/theonlinerentals.com\/es\/wp-json\/wp\/v2\/media?parent=55"}],"curies":[{"name":"wp","href":"https:\/\/api.w.org\/{rel}","templated":true}]}}